{"id":603,"date":"2024-09-17T00:42:11","date_gmt":"2024-09-17T00:42:11","guid":{"rendered":"https:\/\/ahumadagarcia.cl\/corredora\/?page_id=603"},"modified":"2024-09-17T00:47:24","modified_gmt":"2024-09-17T00:47:24","slug":"noticias","status":"publish","type":"page","link":"https:\/\/ahumadagarcia.cl\/corredora\/noticias\/","title":{"rendered":"Noticias"},"content":{"rendered":"\n<p>En la <strong>Secci\u00f3n de Noticias de Gesti\u00f3n<\/strong> de Ahumada y Garc\u00eda Propiedades, destacamos las principales gestiones y logros que hemos realizado como corredora de propiedades. Aqu\u00ed encontrar\u00e1 detalles sobre nuestros proyectos recientes, exitosas ventas, nuevas propiedades incorporadas a nuestra cartera y los avances en la gesti\u00f3n inmobiliaria que hemos implementado para mejorar el servicio a nuestros clientes.<\/p>\n\n\n\t\t<div\r\n\t\t\tclass='wp-block-ap-block-posts free  alignwide'\r\n\t\t\tid='apbAdvancedPosts-1'\r\n\t\t\tdata-nonce='&quot;dba04a3a3a&quot;'\r\n\t\t\tdata-attributes='{&quot;selectedCategories&quot;:[38],&quot;titleTypo&quot;:{&quot;fontFamily&quot;:&quot;Poppins&quot;,&quot;fontSize&quot;:{&quot;desktop&quot;:25,&quot;tablet&quot;:22,&quot;mobile&quot;:20},&quot;googleFontLink&quot;:&quot;https:\\\/\\\/fonts.googleapis.com\\\/css2?family=Roboto&amp;display=swap&quot;,&quot;fontCategory&quot;:&quot;sans-serif&quot;,&quot;fontWeight&quot;:400,&quot;fontVariant&quot;:400},&quot;titleColor&quot;:&quot;rgba(18, 40, 74, 1)&quot;,&quot;isMetaAuthor&quot;:false,&quot;isMetaDate&quot;:false,&quot;metaCategoryIn&quot;:&quot;image&quot;,&quot;metaColorsOnImage&quot;:{&quot;color&quot;:&quot;#fff&quot;,&quot;bg&quot;:&quot;rgba(18, 40, 74, 1)&quot;},&quot;excerptTypo&quot;:{&quot;fontSize&quot;:{&quot;desktop&quot;:15,&quot;tablet&quot;:15,&quot;mobile&quot;:15},&quot;fontFamily&quot;:&quot;Poppins&quot;,&quot;fontCategory&quot;:&quot;sans-serif&quot;,&quot;fontWeight&quot;:400,&quot;fontVariant&quot;:400},&quot;readMoreLabel&quot;:&quot;Leer m\\u00e1s&quot;,&quot;readMoreColors&quot;:{&quot;color&quot;:&quot;#fff&quot;,&quot;bg&quot;:&quot;rgba(18, 40, 74, 1)&quot;},&quot;readMoreHovColors&quot;:{&quot;color&quot;:&quot;#fff&quot;,&quot;bg&quot;:&quot;rgba(18, 40, 74, 1)&quot;},&quot;align&quot;:&quot;wide&quot;,&quot;layout&quot;:&quot;grid&quot;,&quot;subLayout&quot;:&quot;default&quot;,&quot;columns&quot;:{&quot;desktop&quot;:3,&quot;tablet&quot;:2,&quot;mobile&quot;:1},&quot;columnGap&quot;:15,&quot;rowGap&quot;:15,&quot;isContentEqualHight&quot;:true,&quot;sliderHeight&quot;:&quot;350px&quot;,&quot;content&quot;:{&quot;height&quot;:&quot;auto&quot;},&quot;postType&quot;:&quot;post&quot;,&quot;selectedTaxonomies&quot;:[],&quot;selectedTags&quot;:[],&quot;isPostsPerPageAll&quot;:false,&quot;postsPerPage&quot;:12,&quot;postsOrderBy&quot;:&quot;date&quot;,&quot;postsOrder&quot;:&quot;desc&quot;,&quot;postsOffset&quot;:0,&quot;postsInclude&quot;:[],&quot;postsExclude&quot;:[],&quot;isExcludeCurrent&quot;:false,&quot;isPagination&quot;:false,&quot;paginationCurrentPage&quot;:1,&quot;paginationPrevLabel&quot;:&quot;Prev&quot;,&quot;paginationNextLabel&quot;:&quot;Next&quot;,&quot;paginationColors&quot;:{&quot;color&quot;:&quot;#fff&quot;,&quot;bg&quot;:&quot;#4527a4&quot;},&quot;paginationHovColors&quot;:{&quot;color&quot;:&quot;#fff&quot;,&quot;bg&quot;:&quot;#8344c5&quot;},&quot;paginationPadding&quot;:{&quot;vertical&quot;:&quot;8px&quot;,&quot;horizontal&quot;:&quot;15px&quot;},&quot;paginationSpacing&quot;:&quot;15px&quot;,&quot;contentAlign&quot;:&quot;left&quot;,&quot;contentBG&quot;:{&quot;color&quot;:&quot;#f4f2fc&quot;},&quot;contentPadding&quot;:{&quot;vertical&quot;:&quot;20px&quot;,&quot;horizontal&quot;:&quot;25px&quot;},&quot;border&quot;:{&quot;radius&quot;:&quot;5px&quot;},&quot;sliderIsLoop&quot;:true,&quot;sliderIsTouchMove&quot;:false,&quot;sliderIsAutoplay&quot;:true,&quot;sliderAutoplayOptions&quot;:{&quot;delay&quot;:1.5},&quot;sliderSpeed&quot;:1.5,&quot;sliderEffect&quot;:&quot;slide&quot;,&quot;sliderIsPage&quot;:true,&quot;sliderIsPageClickable&quot;:true,&quot;sliderIsPageDynamic&quot;:true,&quot;sliderPageColor&quot;:&quot;#4527a4&quot;,&quot;sliderPageWidth&quot;:&quot;15px&quot;,&quot;sliderPageHeight&quot;:&quot;15px&quot;,&quot;sliderPageBorder&quot;:{&quot;radius&quot;:&quot;50%&quot;},&quot;sliderIsPrevNext&quot;:true,&quot;sliderPrevNextColor&quot;:&quot;#4527a4&quot;,&quot;tickerDirection&quot;:&quot;up&quot;,&quot;tickerSpeed&quot;:&quot;slow&quot;,&quot;tickerInterval&quot;:2000,&quot;tickerHeight&quot;:&quot;0px&quot;,&quot;tickerVisible&quot;:3,&quot;tickerIsMousePause&quot;:true,&quot;elementsSort&quot;:[&quot;title&quot;,&quot;meta&quot;],&quot;isFImg&quot;:true,&quot;fImgSize&quot;:&quot;full&quot;,&quot;fImgFitting&quot;:&quot;cover&quot;,&quot;isFImgLink&quot;:false,&quot;isTitle&quot;:true,&quot;isTitleLink&quot;:true,&quot;titleMargin&quot;:{&quot;side&quot;:4,&quot;bottom&quot;:&quot;15px&quot;},&quot;isMeta&quot;:true,&quot;isMetaAuthorLink&quot;:true,&quot;metaAuthorIcon&quot;:&quot;&quot;,&quot;metaDateFormat&quot;:&quot;M j, Y&quot;,&quot;metaDateIcon&quot;:&quot;&quot;,&quot;isMetaCategory&quot;:true,&quot;metaCategoryIcon&quot;:&quot;&quot;,&quot;metaTaxonomies&quot;:{&quot;selected&quot;:[]},&quot;isMetaReadTime&quot;:false,&quot;metaReadTimeIcon&quot;:&quot;&quot;,&quot;isMetaReadTimeSec&quot;:false,&quot;metaReadTimeLabel&quot;:&quot;Min read&quot;,&quot;isMetaComment&quot;:false,&quot;metaCommentIcon&quot;:&quot;&quot;,&quot;metaTypo&quot;:{&quot;fontSize&quot;:{&quot;desktop&quot;:13,&quot;tablet&quot;:13,&quot;mobile&quot;:13},&quot;textTransform&quot;:&quot;uppercase&quot;},&quot;metaTextColor&quot;:&quot;#333&quot;,&quot;metaLinkColor&quot;:&quot;#8344c5&quot;,&quot;metaIconColor&quot;:&quot;#4527a4&quot;,&quot;metaMargin&quot;:{&quot;side&quot;:4,&quot;bottom&quot;:&quot;15px&quot;},&quot;isExcerpt&quot;:true,&quot;isExcerptFromContent&quot;:false,&quot;isEllipsisOnExcerpt&quot;:false,&quot;excerptLength&quot;:25,&quot;excerptAlign&quot;:&quot;justify&quot;,&quot;excerptColor&quot;:&quot;#333&quot;,&quot;excerptMargin&quot;:{&quot;side&quot;:4,&quot;bottom&quot;:&quot;10px&quot;},&quot;isReadMore&quot;:true,&quot;readMorePosition&quot;:&quot;auto&quot;,&quot;isLinkNewTab&quot;:false,&quot;readMoreAlign&quot;:&quot;left&quot;,&quot;readMoreTypo&quot;:{&quot;fontSize&quot;:{&quot;desktop&quot;:14,&quot;tablet&quot;:14,&quot;mobile&quot;:14},&quot;textTransform&quot;:&quot;uppercase&quot;,&quot;fontWeight&quot;:600},&quot;readMorePadding&quot;:{&quot;vertical&quot;:&quot;12px&quot;,&quot;horizontal&quot;:&quot;35px&quot;},&quot;readMoreBorder&quot;:{&quot;radius&quot;:&quot;3px&quot;}}'\r\n\t\t\tdata-extra='{&quot;totalPosts&quot;:2}'\r\n\t\t>\r\n\t\t\t<pre id='firstPosts' style='display: none;'>\r\n\t\t\t\t[{&quot;id&quot;:690,&quot;link&quot;:&quot;https:\\\/\\\/ahumadagarcia.cl\\\/corredora\\\/2024\\\/10\\\/15\\\/pasaje-panimavida-1257-poblacion-el-castillo-malloco-penaflor\\\/&quot;,&quot;name&quot;:&quot;pasaje-panimavida-1257-poblacion-el-castillo-malloco-penaflor&quot;,&quot;thumbnail&quot;:{&quot;url&quot;:&quot;https:\\\/\\\/ahumadagarcia.cl\\\/corredora\\\/wp-content\\\/uploads\\\/2024\\\/10\\\/Pani_vendida.png&quot;,&quot;alt&quot;:&quot;&quot;},&quot;title&quot;:&quot;VENDIDA - Pasaje Panim\\u00e1vida 1257, poblaci\\u00f3n El Castillo, Malloco Pe\\u00f1aflor.&quot;,&quot;excerpt&quot;:&quot;&quot;,&quot;content&quot;:&quot;Detalle: Se trata de una propiedad ubicada en La Poblaci\\u00f3n El Castillo, a la altura del paradero 22 de vicu\\u00f1aMackenna, en la localidad de Malloco,&quot;,&quot;author&quot;:{&quot;name&quot;:&quot;eduardo&quot;,&quot;link&quot;:&quot;https:\\\/\\\/ahumadagarcia.cl\\\/corredora\\\/author\\\/eduardo\\\/&quot;},&quot;date&quot;:&quot;Oct 15, 2024&quot;,&quot;dateGMT&quot;:&quot;2024-10-15 20:08:09&quot;,&quot;modifiedDate&quot;:&quot;2025-09-13 12:12:04&quot;,&quot;modifiedDateGMT&quot;:&quot;2025-09-13 12:12:04&quot;,&quot;commentCount&quot;:&quot;0&quot;,&quot;commentStatus&quot;:&quot;open&quot;,&quot;categories&quot;:{&quot;coma&quot;:&quot;&lt;a href=\\&quot;https:\\\/\\\/ahumadagarcia.cl\\\/corredora\\\/category\\\/noticias\\\/\\&quot; rel=\\&quot;category tag\\&quot;&gt;Noticias&lt;\\\/a&gt;, &lt;a href=\\&quot;https:\\\/\\\/ahumadagarcia.cl\\\/corredora\\\/category\\\/uncategorized\\\/\\&quot; rel=\\&quot;category tag\\&quot;&gt;Uncategorized&lt;\\\/a&gt;, &lt;a href=\\&quot;https:\\\/\\\/ahumadagarcia.cl\\\/corredora\\\/category\\\/123\\\/\\&quot; rel=\\&quot;category tag\\&quot;&gt;Ventas&lt;\\\/a&gt;&quot;,&quot;space&quot;:&quot;&lt;a href=\\&quot;https:\\\/\\\/ahumadagarcia.cl\\\/corredora\\\/category\\\/noticias\\\/\\&quot; rel=\\&quot;category tag\\&quot;&gt;Noticias&lt;\\\/a&gt; &lt;a href=\\&quot;https:\\\/\\\/ahumadagarcia.cl\\\/corredora\\\/category\\\/uncategorized\\\/\\&quot; rel=\\&quot;category tag\\&quot;&gt;Uncategorized&lt;\\\/a&gt; &lt;a href=\\&quot;https:\\\/\\\/ahumadagarcia.cl\\\/corredora\\\/category\\\/123\\\/\\&quot; rel=\\&quot;category tag\\&quot;&gt;Ventas&lt;\\\/a&gt;&quot;},&quot;taxonomies&quot;:{&quot;post_tag&quot;:&quot;&quot;},&quot;readTime&quot;:{&quot;min&quot;:0,&quot;sec&quot;:42},&quot;status&quot;:&quot;publish&quot;},{&quot;id&quot;:595,&quot;link&quot;:&quot;https:\\\/\\\/ahumadagarcia.cl\\\/corredora\\\/2024\\\/09\\\/17\\\/apertura-mcdonalds-en-penaflor\\\/&quot;,&quot;name&quot;:&quot;apertura-mcdonalds-en-penaflor&quot;,&quot;thumbnail&quot;:{&quot;url&quot;:&quot;https:\\\/\\\/ahumadagarcia.cl\\\/corredora\\\/wp-content\\\/uploads\\\/2024\\\/09\\\/mac-penaflor.jpeg&quot;,&quot;alt&quot;:&quot;&quot;},&quot;title&quot;:&quot;\\u00a1Apertura McDonalds en Pe\\u00f1aflor!&quot;,&quot;excerpt&quot;:&quot;&quot;,&quot;content&quot;:&quot;Gesti\\u00f3n realizada por Ahumada&amp;Garc\\u00eda Nos enorgullece anunciar que Ahumada &amp; Garc\\u00eda Propiedades ha gestionado exitosamente la apertura del nuevo McDonald&#039;s en Pe\\u00f1aflor. Este nuevo local,&quot;,&quot;author&quot;:{&quot;name&quot;:&quot;eduardo&quot;,&quot;link&quot;:&quot;https:\\\/\\\/ahumadagarcia.cl\\\/corredora\\\/author\\\/eduardo\\\/&quot;},&quot;date&quot;:&quot;Sep 17, 2024&quot;,&quot;dateGMT&quot;:&quot;2024-09-17 00:35:02&quot;,&quot;modifiedDate&quot;:&quot;2024-09-17 00:47:48&quot;,&quot;modifiedDateGMT&quot;:&quot;2024-09-17 00:47:48&quot;,&quot;commentCount&quot;:&quot;0&quot;,&quot;commentStatus&quot;:&quot;open&quot;,&quot;categories&quot;:{&quot;coma&quot;:&quot;&lt;a href=\\&quot;https:\\\/\\\/ahumadagarcia.cl\\\/corredora\\\/category\\\/noticias\\\/\\&quot; rel=\\&quot;category tag\\&quot;&gt;Noticias&lt;\\\/a&gt;&quot;,&quot;space&quot;:&quot;&lt;a href=\\&quot;https:\\\/\\\/ahumadagarcia.cl\\\/corredora\\\/category\\\/noticias\\\/\\&quot; rel=\\&quot;category tag\\&quot;&gt;Noticias&lt;\\\/a&gt;&quot;},&quot;taxonomies&quot;:{&quot;post_tag&quot;:&quot;&quot;},&quot;readTime&quot;:{&quot;min&quot;:0,&quot;sec&quot;:44},&quot;status&quot;:&quot;publish&quot;}]\t\t\t<\/pre>\r\n\r\n\t\t\t\t\t\t<div class='apbLoadingPlaceholder' id='apbLoadingPlaceholder-2'>\r\n\t\t\t\t\t\t\t\t\t\t<div class='apbGridPosts columns-3 columns-tablet-2 columns-mobile-1'>\r\n\t\t\t\t\t\t\t\t\t\t<article class='apbPost'>\r\n\t\t\t\t<span class='apbLoadingItem apbThumb'><\/span>\r\n\t\t\t\t\r\n\t\t\t\t<div class='apbText'>\r\n\t\t\t\t\t<div class='apbTitle'>\r\n\t\t\t\t\t\t<span class='apbLoadingItem'><\/span>\r\n\t\t\t\t\t\t<span class='apbLoadingItem'><\/span>\r\n\t\t\t\t\t<\/div>\r\n\t\t\t\t\t<div class='apbMeta'>\r\n\t\t\t\t\t\t<span class='apbLoadingItem'><\/span>\r\n\t\t\t\t\t<\/div>\r\n\t\t\t\t\t<div class='apbExcerpt'>\r\n\t\t\t\t\t\t<span class='apbLoadingItem'><\/span>\r\n\t\t\t\t\t\t<span class='apbLoadingItem'><\/span>\r\n\t\t\t\t\t\t<span class='apbLoadingItem'><\/span>\r\n\t\t\t\t\t\t<span class='apbLoadingItem'><\/span>\r\n\t\t\t\t\t<\/div>\r\n\t\t\t\t\t<div class='apbReadMore'>\r\n\t\t\t\t\t\t<span class='apbLoadingItem'><\/span>\r\n\t\t\t\t\t<\/div>\r\n\t\t\t\t<\/div>\r\n\t\t\t<\/article>\r\n\t\t\t\t\t<article class='apbPost'>\r\n\t\t\t\t<span class='apbLoadingItem apbThumb'><\/span>\r\n\t\t\t\t\r\n\t\t\t\t<div class='apbText'>\r\n\t\t\t\t\t<div class='apbTitle'>\r\n\t\t\t\t\t\t<span class='apbLoadingItem'><\/span>\r\n\t\t\t\t\t\t<span class='apbLoadingItem'><\/span>\r\n\t\t\t\t\t<\/div>\r\n\t\t\t\t\t<div class='apbMeta'>\r\n\t\t\t\t\t\t<span class='apbLoadingItem'><\/span>\r\n\t\t\t\t\t<\/div>\r\n\t\t\t\t\t<div class='apbExcerpt'>\r\n\t\t\t\t\t\t<span class='apbLoadingItem'><\/span>\r\n\t\t\t\t\t\t<span class='apbLoadingItem'><\/span>\r\n\t\t\t\t\t\t<span class='apbLoadingItem'><\/span>\r\n\t\t\t\t\t\t<span class='apbLoadingItem'><\/span>\r\n\t\t\t\t\t<\/div>\r\n\t\t\t\t\t<div class='apbReadMore'>\r\n\t\t\t\t\t\t<span class='apbLoadingItem'><\/span>\r\n\t\t\t\t\t<\/div>\r\n\t\t\t\t<\/div>\r\n\t\t\t<\/article>\r\n\t\t\t\t\t\t\t\t<\/div>\r\n\t\t\t\t\t\t\t\t<\/div>\r\n\t\t\t\t<\/div>\r\n\t\t","protected":false},"excerpt":{"rendered":"<p>En la Secci\u00f3n de Noticias de Gesti\u00f3n de Ahumada y Garc\u00eda Propiedades, destacamos las principales gestiones y logros que hemos realizado como corredora de propiedades. Aqu\u00ed encontrar\u00e1 detalles sobre nuestros proyectos recientes, exitosas ventas, nuevas propiedades incorporadas a nuestra cartera y los avances en la gesti\u00f3n inmobiliaria que hemos implementado para mejorar el servicio a [&hellip;]<\/p>\n","protected":false},"author":1,"featured_media":0,"parent":0,"menu_order":0,"comment_status":"closed","ping_status":"closed","template":"","meta":{"saved_in_kubio":false,"footnotes":""},"class_list":["post-603","page","type-page","status-publish","hentry"],"featured_image_url":[],"post_author":"eduardo","assigned_categories":"","kubio_ai_page_context":{"short_desc":"","purpose":"general"},"_links":{"self":[{"href":"https:\/\/ahumadagarcia.cl\/corredora\/wp-json\/wp\/v2\/pages\/603","targetHints":{"allow":["GET"]}}],"collection":[{"href":"https:\/\/ahumadagarcia.cl\/corredora\/wp-json\/wp\/v2\/pages"}],"about":[{"href":"https:\/\/ahumadagarcia.cl\/corredora\/wp-json\/wp\/v2\/types\/page"}],"author":[{"embeddable":true,"href":"https:\/\/ahumadagarcia.cl\/corredora\/wp-json\/wp\/v2\/users\/1"}],"replies":[{"embeddable":true,"href":"https:\/\/ahumadagarcia.cl\/corredora\/wp-json\/wp\/v2\/comments?post=603"}],"version-history":[{"count":4,"href":"https:\/\/ahumadagarcia.cl\/corredora\/wp-json\/wp\/v2\/pages\/603\/revisions"}],"predecessor-version":[{"id":608,"href":"https:\/\/ahumadagarcia.cl\/corredora\/wp-json\/wp\/v2\/pages\/603\/revisions\/608"}],"wp:attachment":[{"href":"https:\/\/ahumadagarcia.cl\/corredora\/wp-json\/wp\/v2\/media?parent=603"}],"curies":[{"name":"wp","href":"https:\/\/api.w.org\/{rel}","templated":true}]}}